{"id":202,"date":"2015-02-09T13:56:12","date_gmt":"2015-02-09T13:56:12","guid":{"rendered":"https:\/\/galemco.com\/?page_id=202"},"modified":"2015-02-09T14:00:41","modified_gmt":"2015-02-09T14:00:41","slug":"a-propos","status":"publish","type":"page","link":"https:\/\/galemco.com\/fr\/a-propos\/","title":{"rendered":"\u00c0 propos de nous"},"content":{"rendered":"<div    class=\"vc_row wpb_row section vc_row-fluid\" style=' text-align:left;'><div class=\" full_section_inner clearfix\">\n\t<div class=\"vc_col-sm-12 wpb_column vc_column_container\">\n\t\t<div class=\"wpb_wrapper\">\n\t\t\t\n\t<div class=\"wpb_text_column wpb_content_element \">\n\t\t<div class=\"wpb_wrapper\">\n\t\t\t<p style=\"color: #000000; font-size: 20px;\">Fond\u00e9e il y a environ 10 ans, la soci\u00e9t\u00e9 Galemco joue un r\u00f4le important dans le recyclage, la distribution et la vente d\u2019aciers et de m\u00e9taux. Galemco, dont le si\u00e8ge social est au Canada, s\u2019est donn\u00e9 comme mission de satisfaire aux attentes de ses clients tout en continuant de progresser dans le contexte \u00e9conomique actuel.<\/p>\n<div class=\"separator  transparent center  \" style=\"margin-top: 10px;margin-bottom: 10px;\"><\/div>\n\n<h4>Galemco \u0153uvre principalement dans les secteurs des m\u00e9taux ferreux et non ferreux, y compris :\u00a0<strong>Acier neuf<\/strong> &#8211;\u00a0<strong>Ferraille<\/strong> &#8211;\u00a0<strong>Minerais et autres produits de base<\/strong><\/h4>\n\n\t\t<\/div> \n\t<\/div> \n\t\t<\/div> \n\t<\/div> \n<\/div><\/div><div    class=\"vc_row wpb_row section vc_row-fluid\" style=' text-align:left;'><div class=\" full_section_inner clearfix\">\n\t<div class=\"vc_col-sm-12 wpb_column vc_column_container\">\n\t\t<div class=\"wpb_wrapper\">\n\t\t\t<div class=\"separator  normal center  \" style=\"margin-top: 40px;margin-bottom: 40px;\"><\/div>\n\n\t\t<\/div> \n\t<\/div> \n<\/div><\/div><div    class=\"vc_row wpb_row section vc_row-fluid\" style=' text-align:left;'><div class=\" full_section_inner clearfix\">\n\t<div class=\"vc_col-sm-6 wpb_column vc_column_container\">\n\t\t<div class=\"wpb_wrapper\">\n\t\t\t\n\t<div class=\"wpb_text_column wpb_content_element  vc_custom_1423490073869\">\n\t\t<div class=\"wpb_wrapper\">\n\t\t\t<h2>Nos services<\/h2>\n<ul>\n<li>Importation-exportation<\/li>\n<li>Op\u00e9rations commerciales<\/li>\n<li>Logistique<\/li>\n<li>Gestion de projets<\/li>\n<\/ul>\n\n\t\t<\/div> \n\t<\/div> \n\t<div class=\"wpb_text_column wpb_content_element \">\n\t\t<div class=\"wpb_wrapper\">\n\t\t\t<h2>Nos march\u00e9s<\/h2>\n<p>Au cours des derni\u00e8res ann\u00e9es, Galemco a d\u00e9velopp\u00e9 de solides relations avec des clients Canadiens et \u00e9trangers. Galemco, qui est aujourd\u2019hui un important fournisseur et distributeur d\u2019aciers neufs et de ferraille en Am\u00e9rique de Nord, dessert un vaste r\u00e9seau d\u2019entreprises majeures du domaine de la sid\u00e9rurgie. L\u2019application de normes rigoureuses de livraison et de contr\u00f4le de la qualit\u00e9 \u00e0 tous ses contrats a permis \u00e0 Galemco d\u2019acqu\u00e9rir une solide r\u00e9putation dans l\u2019industrie. <\/p>\n\n\t\t<\/div> \n\t<\/div> <div class=\"separator  transparent center  \" style=\"margin-top: 20px;margin-bottom: 20px;\"><\/div>\n\n\t\t<\/div> \n\t<\/div> \n\n\t<div class=\"vc_col-sm-6 wpb_column vc_column_container\">\n\t\t<div class=\"wpb_wrapper\">\n\t\t\t\n\t<div class=\"wpb_text_column wpb_content_element \">\n\t\t<div class=\"wpb_wrapper\">\n\t\t\t<h2 style=\"text-align: left;\">Mission, vision &amp; valeurs<\/h2>\n<p style=\"text-align: left;\"><div class=\"separator  transparent center  \" style=\"\"><\/div>\n<p style=\"text-align: left;\"><strong>Notre mission :<\/strong> Nous nous engageons \u00e0 trouver des solutions cr\u00e9atives de grande qualit\u00e9 pour r\u00e9pondre aux besoins de notre client\u00e8le. <div class=\"separator  small left  \" style=\"margin-top: 20px;margin-bottom: 20px;background-color: #8f8f8f;height: 1px;\"><\/div>\n <strong>Notre vision :<\/strong> Nous faisons ce que nous pouvons pour \u00eatre un fournisseur cl\u00e9 international desservant diff\u00e9rentes entreprises des domaines de la sid\u00e9rurgie et des m\u00e9taux. <div class=\"separator  small left  \" style=\"margin-top: 20px;margin-bottom: 20px;background-color: #8f8f8f;height: 1px;\"><\/div>\n <strong>Nos valeurs :<\/strong> Cr\u00e9ativit\u00e9, vision globale et adaptabilit\u00e9. <div class=\"separator  small left  \" style=\"margin-top: 20px;margin-bottom: 20px;background-color: #8f8f8f;height: 1px;\"><\/div>\n\n\t\t<\/div> \n\t<\/div> \n\t\t<\/div> \n\t<\/div> \n<\/div><\/div><div    class=\"vc_row wpb_row section vc_row-fluid\" style=' text-align:left;'><div class=\" full_section_inner clearfix\">\n\t<div class=\"vc_col-sm-12 wpb_column vc_column_container\">\n\t\t<div class=\"wpb_wrapper\">\n\t\t\t<div class=\"separator  transparent center  \" style=\"margin-top: 80px;\"><\/div>\n\n\t\t<\/div> \n\t<\/div> \n<\/div><\/div>\n","protected":false},"excerpt":{"rendered":"Fond\u00e9e il y a environ 10 ans, la soci\u00e9t\u00e9 Galemco joue un r\u00f4le important dans le recyclage, la distribution et la vente d\u2019aciers et de m\u00e9taux. Galemco, dont le si\u00e8ge social est au Canada, s\u2019est donn\u00e9 comme mission de satisfaire aux attentes de ses clients...","protected":false},"author":1,"featured_media":0,"parent":0,"menu_order":0,"comment_status":"open","ping_status":"open","template":"","meta":{"footnotes":""},"class_list":["post-202","page","type-page","status-publish","hentry"],"_links":{"self":[{"href":"https:\/\/galemco.com\/fr\/wp-json\/wp\/v2\/pages\/202","targetHints":{"allow":["GET"]}}],"collection":[{"href":"https:\/\/galemco.com\/fr\/wp-json\/wp\/v2\/pages"}],"about":[{"href":"https:\/\/galemco.com\/fr\/wp-json\/wp\/v2\/types\/page"}],"author":[{"embeddable":true,"href":"https:\/\/galemco.com\/fr\/wp-json\/wp\/v2\/users\/1"}],"replies":[{"embeddable":true,"href":"https:\/\/galemco.com\/fr\/wp-json\/wp\/v2\/comments?post=202"}],"version-history":[{"count":2,"href":"https:\/\/galemco.com\/fr\/wp-json\/wp\/v2\/pages\/202\/revisions"}],"predecessor-version":[{"id":207,"href":"https:\/\/galemco.com\/fr\/wp-json\/wp\/v2\/pages\/202\/revisions\/207"}],"wp:attachment":[{"href":"https:\/\/galemco.com\/fr\/wp-json\/wp\/v2\/media?parent=202"}],"curies":[{"name":"wp","href":"https:\/\/api.w.org\/{rel}","templated":true}]}}