{"id":474,"date":"2015-02-18T16:58:29","date_gmt":"2015-02-18T16:58:29","guid":{"rendered":"https:\/\/galemco.com\/?page_id=474"},"modified":"2015-02-18T19:47:15","modified_gmt":"2015-02-18T19:47:15","slug":"pieces-et-equipements","status":"publish","type":"page","link":"https:\/\/galemco.com\/fr\/produits\/inventaire\/pieces-et-equipements\/","title":{"rendered":"Pi\u00e8ces et \u00e9quipements"},"content":{"rendered":"<div    class=\"vc_row wpb_row section vc_row-fluid grid_section\" style=' text-align:left;'><div class=\" section_inner clearfix\"><div class='section_inner_margin clearfix'>                <p>D\u00e9sol\u00e9, aucun article ne correspond \u00e0 vos crit\u00e8res.<\/p>\n            \n\t<div class=\"vc_col-sm-12 wpb_column vc_column_container\">\n\t\t<div class=\"wpb_wrapper\">\n\t\t\t<div class='projects_holder_outer v6 portfolio_with_space portfolio_standard '><div class='filter_outer'><div class='filter_holder'>\n                            <ul>\n                            <li class='filter' data-filter='all'><span>Tous<\/span><\/li><\/ul><\/div><\/div><div class='projects_holder clearfix v6 standard portfolio_square_image'>\n<\/div><\/div><div class=\"separator  transparent center  \" style=\"margin-bottom: 40px;\"><\/div>\n\n\t\t<\/div> \n\t<\/div> \n<\/div><\/div><\/div>\n","protected":false},"excerpt":{"rendered":"D\u00e9sol\u00e9, aucun article ne correspond \u00e0 vos crit\u00e8res. Tous","protected":false},"author":1,"featured_media":0,"parent":212,"menu_order":0,"comment_status":"open","ping_status":"open","template":"","meta":{"footnotes":""},"class_list":["post-474","page","type-page","status-publish","hentry"],"_links":{"self":[{"href":"https:\/\/galemco.com\/fr\/wp-json\/wp\/v2\/pages\/474","targetHints":{"allow":["GET"]}}],"collection":[{"href":"https:\/\/galemco.com\/fr\/wp-json\/wp\/v2\/pages"}],"about":[{"href":"https:\/\/galemco.com\/fr\/wp-json\/wp\/v2\/types\/page"}],"author":[{"embeddable":true,"href":"https:\/\/galemco.com\/fr\/wp-json\/wp\/v2\/users\/1"}],"replies":[{"embeddable":true,"href":"https:\/\/galemco.com\/fr\/wp-json\/wp\/v2\/comments?post=474"}],"version-history":[{"count":2,"href":"https:\/\/galemco.com\/fr\/wp-json\/wp\/v2\/pages\/474\/revisions"}],"predecessor-version":[{"id":494,"href":"https:\/\/galemco.com\/fr\/wp-json\/wp\/v2\/pages\/474\/revisions\/494"}],"up":[{"embeddable":true,"href":"https:\/\/galemco.com\/fr\/wp-json\/wp\/v2\/pages\/212"}],"wp:attachment":[{"href":"https:\/\/galemco.com\/fr\/wp-json\/wp\/v2\/media?parent=474"}],"curies":[{"name":"wp","href":"https:\/\/api.w.org\/{rel}","templated":true}]}}