{"id":763,"date":"2015-05-14T20:51:10","date_gmt":"2015-05-14T20:51:10","guid":{"rendered":"https:\/\/galemco.com\/?page_id=763"},"modified":"2015-05-14T20:51:10","modified_gmt":"2015-05-14T20:51:10","slug":"fournaises-de-fusion","status":"publish","type":"page","link":"https:\/\/galemco.com\/fr\/produits\/inventaire\/fournaises-de-fusion\/","title":{"rendered":"Moteurs \u00e9lectriques"},"content":{"rendered":"<div    class=\"vc_row wpb_row section vc_row-fluid grid_section\" style=' text-align:left;'><div class=\" section_inner clearfix\"><div class='section_inner_margin clearfix'>                <p>D\u00e9sol\u00e9, aucun article ne correspond \u00e0 vos crit\u00e8res.<\/p>\n            \n\t<div class=\"vc_col-sm-12 wpb_column vc_column_container\">\n\t\t<div class=\"wpb_wrapper\">\n\t\t\t<div class='projects_holder_outer v6 portfolio_with_space portfolio_standard '><div class='filter_outer'><div class='filter_holder'>\n                            <ul>\n                            <li class='filter' data-filter='all'><span>Tous<\/span><\/li><\/ul><\/div><\/div><div class='projects_holder clearfix v6 standard portfolio_square_image'>\n<\/div><\/div><div class=\"separator  transparent center  \" style=\"margin-bottom: 40px;\"><\/div>\n\n\t\t<\/div> \n\t<\/div> \n<\/div><\/div><\/div>\n","protected":false},"excerpt":{"rendered":"D\u00e9sol\u00e9, aucun article ne correspond \u00e0 vos crit\u00e8res. Tous","protected":false},"author":1,"featured_media":0,"parent":212,"menu_order":0,"comment_status":"open","ping_status":"open","template":"","meta":{"footnotes":""},"class_list":["post-763","page","type-page","status-publish","hentry"],"_links":{"self":[{"href":"https:\/\/galemco.com\/fr\/wp-json\/wp\/v2\/pages\/763","targetHints":{"allow":["GET"]}}],"collection":[{"href":"https:\/\/galemco.com\/fr\/wp-json\/wp\/v2\/pages"}],"about":[{"href":"https:\/\/galemco.com\/fr\/wp-json\/wp\/v2\/types\/page"}],"author":[{"embeddable":true,"href":"https:\/\/galemco.com\/fr\/wp-json\/wp\/v2\/users\/1"}],"replies":[{"embeddable":true,"href":"https:\/\/galemco.com\/fr\/wp-json\/wp\/v2\/comments?post=763"}],"version-history":[{"count":1,"href":"https:\/\/galemco.com\/fr\/wp-json\/wp\/v2\/pages\/763\/revisions"}],"predecessor-version":[{"id":764,"href":"https:\/\/galemco.com\/fr\/wp-json\/wp\/v2\/pages\/763\/revisions\/764"}],"up":[{"embeddable":true,"href":"https:\/\/galemco.com\/fr\/wp-json\/wp\/v2\/pages\/212"}],"wp:attachment":[{"href":"https:\/\/galemco.com\/fr\/wp-json\/wp\/v2\/media?parent=763"}],"curies":[{"name":"wp","href":"https:\/\/api.w.org\/{rel}","templated":true}]}}